{"id":158,"date":"2024-07-30T18:33:53","date_gmt":"2024-07-30T18:33:53","guid":{"rendered":"https:\/\/shimaco.com.mx\/Ivra\/?page_id=158"},"modified":"2024-09-09T15:45:52","modified_gmt":"2024-09-09T15:45:52","slug":"contacto","status":"publish","type":"page","link":"https:\/\/staging.shimaco.com.mx\/index.php\/contacto\/","title":{"rendered":"IVRA"},"content":{"rendered":"\t\t<div data-elementor-type=\"wp-page\" data-elementor-id=\"158\" class=\"elementor elementor-158\" data-elementor-post-type=\"page\">\n\t\t\t\t<div class=\"elementor-element elementor-element-44bd7eb e-con-full e-flex e-con e-parent\" data-id=\"44bd7eb\" data-element_type=\"container\">\n\t\t<div class=\"elementor-element elementor-element-27862df animated-slow e-flex e-con-boxed elementor-invisible e-con e-child\" data-id=\"27862df\" data-element_type=\"container\" data-settings=\"{&quot;animation&quot;:&quot;fadeIn&quot;}\">\n\t\t\t\t\t<div class=\"e-con-inner\">\n\t\t\t\t<div class=\"elementor-element elementor-element-3228270 elementor-widget elementor-widget-heading\" data-id=\"3228270\" data-element_type=\"widget\" data-widget_type=\"heading.default\">\n\t\t\t\t<div class=\"elementor-widget-container\">\n\t\t\t<h2 class=\"elementor-heading-title elementor-size-default\">Le\u00f3n, Guanajuato<\/h2>\t\t<\/div>\n\t\t\t\t<\/div>\n\t\t\t\t<div class=\"elementor-element elementor-element-42aee88 elementor-widget elementor-widget-text-editor\" data-id=\"42aee88\" data-element_type=\"widget\" data-widget_type=\"text-editor.default\">\n\t\t\t\t<div class=\"elementor-widget-container\">\n\t\t\t\t\t\t\t<p><span style=\"vertical-align: inherit;\">C. Gamma 203, Industrial Delta, 37545 Le\u00f3n de los Aldama, Gto.<\/span><\/p>\t\t\t\t\t\t<\/div>\n\t\t\t\t<\/div>\n\t\t\t\t<div class=\"elementor-element elementor-element-7526fb3 elementor-widget elementor-widget-heading\" data-id=\"7526fb3\" data-element_type=\"widget\" data-widget_type=\"heading.default\">\n\t\t\t\t<div class=\"elementor-widget-container\">\n\t\t\t<h2 class=\"elementor-heading-title elementor-size-default\">Horarios<\/h2>\t\t<\/div>\n\t\t\t\t<\/div>\n\t\t\t\t<div class=\"elementor-element elementor-element-ebf6073 elementor-widget elementor-widget-text-editor\" data-id=\"ebf6073\" data-element_type=\"widget\" data-widget_type=\"text-editor.default\">\n\t\t\t\t<div class=\"elementor-widget-container\">\n\t\t\t\t\t\t\t<p style=\"text-align: center;\"><span style=\"vertical-align: inherit;\">Lunes a Viernes <\/span><span style=\"vertical-align: inherit;\">De 8:00am a 6:00pm<\/span><\/p>\t\t\t\t\t\t<\/div>\n\t\t\t\t<\/div>\n\t\t\t\t<div class=\"elementor-element elementor-element-1b07f30 elementor-widget elementor-widget-heading\" data-id=\"1b07f30\" data-element_type=\"widget\" data-widget_type=\"heading.default\">\n\t\t\t\t<div class=\"elementor-widget-container\">\n\t\t\t<h2 class=\"elementor-heading-title elementor-size-default\">Siguenos<\/h2>\t\t<\/div>\n\t\t\t\t<\/div>\n\t\t\t\t<div class=\"elementor-element elementor-element-c0497b9 elementor-shape-rounded elementor-grid-0 e-grid-align-center elementor-widget elementor-widget-social-icons\" data-id=\"c0497b9\" data-element_type=\"widget\" data-widget_type=\"social-icons.default\">\n\t\t\t\t<div class=\"elementor-widget-container\">\n\t\t\t\t\t<div class=\"elementor-social-icons-wrapper elementor-grid\">\n\t\t\t\t\t\t\t<span class=\"elementor-grid-item\">\n\t\t\t\t\t<a class=\"elementor-icon elementor-social-icon elementor-social-icon-facebook elementor-repeater-item-a3f10a1\" href=\"https:\/\/www.facebook.com\/Ivrasinteticos\/?locale=es_LA\" target=\"_blank\">\n\t\t\t\t\t\t<span class=\"elementor-screen-only\">Facebook<\/span>\n\t\t\t\t\t\t<svg class=\"e-font-icon-svg e-fab-facebook\" viewBox=\"0 0 512 512\" xmlns=\"http:\/\/www.w3.org\/2000\/svg\"><path d=\"M504 256C504 119 393 8 256 8S8 119 8 256c0 123.78 90.69 226.38 209.25 245V327.69h-63V256h63v-54.64c0-62.15 37-96.48 93.67-96.48 27.14 0 55.52 4.84 55.52 4.84v61h-31.28c-30.8 0-40.41 19.12-40.41 38.73V256h68.78l-11 71.69h-57.78V501C413.31 482.38 504 379.78 504 256z\"><\/path><\/svg>\t\t\t\t\t<\/a>\n\t\t\t\t<\/span>\n\t\t\t\t\t\t\t<span class=\"elementor-grid-item\">\n\t\t\t\t\t<a class=\"elementor-icon elementor-social-icon elementor-social-icon-instagram elementor-repeater-item-14351e4\" href=\"https:\/\/www.instagram.com\/ivra_sinteticos?igsh=MTVod3JsY2FjbTQyMg==\" target=\"_blank\">\n\t\t\t\t\t\t<span class=\"elementor-screen-only\">Instagram<\/span>\n\t\t\t\t\t\t<svg class=\"e-font-icon-svg e-fab-instagram\" viewBox=\"0 0 448 512\" xmlns=\"http:\/\/www.w3.org\/2000\/svg\"><path d=\"M224.1 141c-63.6 0-114.9 51.3-114.9 114.9s51.3 114.9 114.9 114.9S339 319.5 339 255.9 287.7 141 224.1 141zm0 189.6c-41.1 0-74.7-33.5-74.7-74.7s33.5-74.7 74.7-74.7 74.7 33.5 74.7 74.7-33.6 74.7-74.7 74.7zm146.4-194.3c0 14.9-12 26.8-26.8 26.8-14.9 0-26.8-12-26.8-26.8s12-26.8 26.8-26.8 26.8 12 26.8 26.8zm76.1 27.2c-1.7-35.9-9.9-67.7-36.2-93.9-26.2-26.2-58-34.4-93.9-36.2-37-2.1-147.9-2.1-184.9 0-35.8 1.7-67.6 9.9-93.9 36.1s-34.4 58-36.2 93.9c-2.1 37-2.1 147.9 0 184.9 1.7 35.9 9.9 67.7 36.2 93.9s58 34.4 93.9 36.2c37 2.1 147.9 2.1 184.9 0 35.9-1.7 67.7-9.9 93.9-36.2 26.2-26.2 34.4-58 36.2-93.9 2.1-37 2.1-147.8 0-184.8zM398.8 388c-7.8 19.6-22.9 34.7-42.6 42.6-29.5 11.7-99.5 9-132.1 9s-102.7 2.6-132.1-9c-19.6-7.8-34.7-22.9-42.6-42.6-11.7-29.5-9-99.5-9-132.1s-2.6-102.7 9-132.1c7.8-19.6 22.9-34.7 42.6-42.6 29.5-11.7 99.5-9 132.1-9s102.7-2.6 132.1 9c19.6 7.8 34.7 22.9 42.6 42.6 11.7 29.5 9 99.5 9 132.1s2.7 102.7-9 132.1z\"><\/path><\/svg>\t\t\t\t\t<\/a>\n\t\t\t\t<\/span>\n\t\t\t\t\t<\/div>\n\t\t\t\t<\/div>\n\t\t\t\t<\/div>\n\t\t\t\t<div class=\"elementor-element elementor-element-58ee7ab elementor-widget elementor-widget-heading\" data-id=\"58ee7ab\" data-element_type=\"widget\" data-widget_type=\"heading.default\">\n\t\t\t\t<div class=\"elementor-widget-container\">\n\t\t\t<h2 class=\"elementor-heading-title elementor-size-default\">Cont\u00e1ctanos <\/h2>\t\t<\/div>\n\t\t\t\t<\/div>\n\t\t<div class=\"elementor-element elementor-element-0912ff9 e-con-full e-flex e-con e-child\" data-id=\"0912ff9\" data-element_type=\"container\">\n\t\t\t\t<div class=\"elementor-element elementor-element-fb675b1 elementor-position-left elementor-vertical-align-middle elementor-mobile-position-left elementor-view-default elementor-widget elementor-widget-icon-box\" data-id=\"fb675b1\" data-element_type=\"widget\" data-widget_type=\"icon-box.default\">\n\t\t\t\t<div class=\"elementor-widget-container\">\n\t\t\t\t\t<div class=\"elementor-icon-box-wrapper\">\n\n\t\t\t\t\t\t<div class=\"elementor-icon-box-icon\">\n\t\t\t\t<a href=\"https:\/\/api.whatsapp.com\/send?phone=524775540264&#038;text=Buen%20d%C3%ADa,%20estoy%20interesado\/a%20en%20sus%20productos.%20%20Me%20gustar%C3%ADa%20recibir%20m%C3%A1s%20informaci%C3%B3n%20sobre%20los%20productos%20que%20manejan,%20precios%20y%20opciones%20disponibles.\" class=\"elementor-icon elementor-animation-grow\" tabindex=\"-1\">\n\t\t\t\t<svg aria-hidden=\"true\" class=\"e-font-icon-svg e-fab-whatsapp\" viewBox=\"0 0 448 512\" xmlns=\"http:\/\/www.w3.org\/2000\/svg\"><path d=\"M380.9 97.1C339 55.1 283.2 32 223.9 32c-122.4 0-222 99.6-222 222 0 39.1 10.2 77.3 29.6 111L0 480l117.7-30.9c32.4 17.7 68.9 27 106.1 27h.1c122.3 0 224.1-99.6 224.1-222 0-59.3-25.2-115-67.1-157zm-157 341.6c-33.2 0-65.7-8.9-94-25.7l-6.7-4-69.8 18.3L72 359.2l-4.4-7c-18.5-29.4-28.2-63.3-28.2-98.2 0-101.7 82.8-184.5 184.6-184.5 49.3 0 95.6 19.2 130.4 54.1 34.8 34.9 56.2 81.2 56.1 130.5 0 101.8-84.9 184.6-186.6 184.6zm101.2-138.2c-5.5-2.8-32.8-16.2-37.9-18-5.1-1.9-8.8-2.8-12.5 2.8-3.7 5.6-14.3 18-17.6 21.8-3.2 3.7-6.5 4.2-12 1.4-32.6-16.3-54-29.1-75.5-66-5.7-9.8 5.7-9.1 16.3-30.3 1.8-3.7.9-6.9-.5-9.7-1.4-2.8-12.5-30.1-17.1-41.2-4.5-10.8-9.1-9.3-12.5-9.5-3.2-.2-6.9-.2-10.6-.2-3.7 0-9.7 1.4-14.8 6.9-5.1 5.6-19.4 19-19.4 46.3 0 27.3 19.9 53.7 22.6 57.4 2.8 3.7 39.1 59.7 94.8 83.8 35.2 15.2 49 16.5 66.6 13.9 10.7-1.6 32.8-13.4 37.4-26.4 4.6-13 4.6-24.1 3.2-26.4-1.3-2.5-5-3.9-10.5-6.6z\"><\/path><\/svg>\t\t\t\t<\/a>\n\t\t\t<\/div>\n\t\t\t\n\t\t\t\t\t\t<div class=\"elementor-icon-box-content\">\n\n\t\t\t\t\t\t\t\t\t<h3 class=\"elementor-icon-box-title\">\n\t\t\t\t\t\t<a href=\"https:\/\/api.whatsapp.com\/send?phone=524775540264&#038;text=Buen%20d%C3%ADa,%20estoy%20interesado\/a%20en%20sus%20productos.%20%20Me%20gustar%C3%ADa%20recibir%20m%C3%A1s%20informaci%C3%B3n%20sobre%20los%20productos%20que%20manejan,%20precios%20y%20opciones%20disponibles.\" >\n\t\t\t\t\t\t\t(477) 554 02 64\t\t\t\t\t\t<\/a>\n\t\t\t\t\t<\/h3>\n\t\t\t\t\n\t\t\t\t\n\t\t\t<\/div>\n\t\t\t\n\t\t<\/div>\n\t\t\t\t<\/div>\n\t\t\t\t<\/div>\n\t\t\t\t<div class=\"elementor-element elementor-element-62f896b elementor-position-left elementor-vertical-align-middle elementor-mobile-position-left elementor-view-default elementor-widget elementor-widget-icon-box\" data-id=\"62f896b\" data-element_type=\"widget\" data-widget_type=\"icon-box.default\">\n\t\t\t\t<div class=\"elementor-widget-container\">\n\t\t\t\t\t<div class=\"elementor-icon-box-wrapper\">\n\n\t\t\t\t\t\t<div class=\"elementor-icon-box-icon\">\n\t\t\t\t<span  class=\"elementor-icon elementor-animation-grow\">\n\t\t\t\t<svg aria-hidden=\"true\" class=\"e-font-icon-svg e-fas-headset\" viewBox=\"0 0 512 512\" xmlns=\"http:\/\/www.w3.org\/2000\/svg\"><path d=\"M192 208c0-17.67-14.33-32-32-32h-16c-35.35 0-64 28.65-64 64v48c0 35.35 28.65 64 64 64h16c17.67 0 32-14.33 32-32V208zm176 144c35.35 0 64-28.65 64-64v-48c0-35.35-28.65-64-64-64h-16c-17.67 0-32 14.33-32 32v112c0 17.67 14.33 32 32 32h16zM256 0C113.18 0 4.58 118.83 0 256v16c0 8.84 7.16 16 16 16h16c8.84 0 16-7.16 16-16v-16c0-114.69 93.31-208 208-208s208 93.31 208 208h-.12c.08 2.43.12 165.72.12 165.72 0 23.35-18.93 42.28-42.28 42.28H320c0-26.51-21.49-48-48-48h-32c-26.51 0-48 21.49-48 48s21.49 48 48 48h181.72c49.86 0 90.28-40.42 90.28-90.28V256C507.42 118.83 398.82 0 256 0z\"><\/path><\/svg>\t\t\t\t<\/span>\n\t\t\t<\/div>\n\t\t\t\n\t\t\t\t\t\t<div class=\"elementor-icon-box-content\">\n\n\t\t\t\t\t\t\t\t\t<h3 class=\"elementor-icon-box-title\">\n\t\t\t\t\t\t<span  >\n\t\t\t\t\t\t\t(477) 776 35 96\t\t\t\t\t\t<\/span>\n\t\t\t\t\t<\/h3>\n\t\t\t\t\n\t\t\t\t\n\t\t\t<\/div>\n\t\t\t\n\t\t<\/div>\n\t\t\t\t<\/div>\n\t\t\t\t<\/div>\n\t\t\t\t<\/div>\n\t\t\t\t\t<\/div>\n\t\t\t\t<\/div>\n\t\t<div class=\"elementor-element elementor-element-e992699 e-con-full animated-slow e-flex elementor-invisible e-con e-child\" data-id=\"e992699\" data-element_type=\"container\" data-settings=\"{&quot;animation&quot;:&quot;fadeInRight&quot;}\">\n\t\t\t\t<div class=\"elementor-element elementor-element-97e4748 elementor-widget elementor-widget-heading\" data-id=\"97e4748\" data-element_type=\"widget\" data-widget_type=\"heading.default\">\n\t\t\t\t<div class=\"elementor-widget-container\">\n\t\t\t<h2 class=\"elementor-heading-title elementor-size-default\">CONT\u00c1CTANOS PARA UNA ATENCI\u00d3N PERSONALIZADA <\/h2>\t\t<\/div>\n\t\t\t\t<\/div>\n\t\t\t\t<div class=\"elementor-element elementor-element-1f8d53e elementor-widget__width-initial elementor-widget elementor-widget-wpforms\" data-id=\"1f8d53e\" data-element_type=\"widget\" data-widget_type=\"wpforms.default\">\n\t\t\t\t<div class=\"elementor-widget-container\">\n\t\t\t<style id=\"wpforms-css-vars-root\">\n\t\t\t\t:root {\n\t\t\t\t\t--wpforms-field-border-radius: 3px;\n--wpforms-field-border-style: solid;\n--wpforms-field-border-size: 1px;\n--wpforms-field-background-color: #ffffff;\n--wpforms-field-border-color: rgba( 0, 0, 0, 0.25 );\n--wpforms-field-border-color-spare: rgba( 0, 0, 0, 0.25 );\n--wpforms-field-text-color: rgba( 0, 0, 0, 0.7 );\n--wpforms-field-menu-color: #ffffff;\n--wpforms-label-color: rgba( 0, 0, 0, 0.85 );\n--wpforms-label-sublabel-color: rgba( 0, 0, 0, 0.55 );\n--wpforms-label-error-color: #d63637;\n--wpforms-button-border-radius: 3px;\n--wpforms-button-border-style: none;\n--wpforms-button-border-size: 1px;\n--wpforms-button-background-color: #066aab;\n--wpforms-button-border-color: #066aab;\n--wpforms-button-text-color: #ffffff;\n--wpforms-page-break-color: #066aab;\n--wpforms-background-image: none;\n--wpforms-background-position: center center;\n--wpforms-background-repeat: no-repeat;\n--wpforms-background-size: cover;\n--wpforms-background-width: 100px;\n--wpforms-background-height: 100px;\n--wpforms-background-color: rgba( 0, 0, 0, 0 );\n--wpforms-background-url: none;\n--wpforms-container-padding: 0px;\n--wpforms-container-border-style: none;\n--wpforms-container-border-width: 1px;\n--wpforms-container-border-color: #000000;\n--wpforms-container-border-radius: 3px;\n--wpforms-field-size-input-height: 43px;\n--wpforms-field-size-input-spacing: 15px;\n--wpforms-field-size-font-size: 16px;\n--wpforms-field-size-line-height: 19px;\n--wpforms-field-size-padding-h: 14px;\n--wpforms-field-size-checkbox-size: 16px;\n--wpforms-field-size-sublabel-spacing: 5px;\n--wpforms-field-size-icon-size: 1;\n--wpforms-label-size-font-size: 16px;\n--wpforms-label-size-line-height: 19px;\n--wpforms-label-size-sublabel-font-size: 14px;\n--wpforms-label-size-sublabel-line-height: 17px;\n--wpforms-button-size-font-size: 17px;\n--wpforms-button-size-height: 41px;\n--wpforms-button-size-padding-h: 15px;\n--wpforms-button-size-margin-top: 10px;\n--wpforms-container-shadow-size-box-shadow: none;\n\n\t\t\t\t}\n\t\t\t<\/style><style id=\"wpforms-css-vars-elementor-widget-1f8d53e\">\n\t\t\t\t.elementor-widget-wpforms.elementor-element-1f8d53e {\n\t\t\t\t\t--wpforms-field-border-color: #7A7A7A;\n--wpforms-field-border-color-spare: #7A7A7A;\n--wpforms-field-text-color: #7A7A7A;\n--wpforms-label-color: #F58634;\n--wpforms-label-error-color: #FF0002;\n--wpforms-button-background-color: #2C4C6C;\n--wpforms-field-size-input-height: 31px;\n--wpforms-field-size-input-spacing: 10px;\n--wpforms-field-size-font-size: 14px;\n--wpforms-field-size-line-height: 17px;\n--wpforms-field-size-padding-h: 9px;\n--wpforms-field-size-checkbox-size: 14px;\n--wpforms-field-size-sublabel-spacing: 5px;\n--wpforms-field-size-icon-size: 0.75;\n--wpforms-label-size-font-size: 16px;\n--wpforms-label-size-line-height: 19px;\n--wpforms-label-size-sublabel-font-size: 14px;\n--wpforms-label-size-sublabel-line-height: 17px;\n--wpforms-button-size-font-size: 17px;\n--wpforms-button-size-height: 41px;\n--wpforms-button-size-padding-h: 15px;\n--wpforms-button-size-margin-top: 10px;\n\n\t\t\t\t}\n\t\t\t<\/style><div class=\"wpforms-container wpforms-container-full wpforms-render-modern\" id=\"wpforms-167\"><form id=\"wpforms-form-167\" class=\"wpforms-validate wpforms-form wpforms-ajax-form\" data-formid=\"167\" method=\"post\" enctype=\"multipart\/form-data\" action=\"\/index.php\/wp-json\/wp\/v2\/pages\/158\" data-token=\"6952c10c88c7ea8f66d4def0ff20329d\" data-token-time=\"1776685070\"><noscript class=\"wpforms-error-noscript\">Por favor, activa JavaScript en tu navegador para completar este formulario.<\/noscript><div class=\"wpforms-hidden\" id=\"wpforms-error-noscript\">Por favor, activa JavaScript en tu navegador para completar este formulario.<\/div><div class=\"wpforms-field-container\"><div id=\"wpforms-167-field_1-container\" class=\"wpforms-field wpforms-field-name\" data-field-id=\"1\"><label class=\"wpforms-field-label\" for=\"wpforms-167-field_1\">Nombre <span class=\"wpforms-required-label\" aria-hidden=\"true\">*<\/span><\/label><input type=\"text\" id=\"wpforms-167-field_1\" class=\"wpforms-field-large wpforms-field-required\" name=\"wpforms[fields][1]\" aria-errormessage=\"wpforms-167-field_1-error\" required><\/div><div id=\"wpforms-167-field_2-container\" class=\"wpforms-field wpforms-field-text\" data-field-id=\"2\"><label class=\"wpforms-field-label\" for=\"wpforms-167-field_2\">Asunto <span class=\"wpforms-required-label\" aria-hidden=\"true\">*<\/span><\/label><input type=\"text\" id=\"wpforms-167-field_2\" class=\"wpforms-field-large wpforms-field-required\" name=\"wpforms[fields][2]\" aria-errormessage=\"wpforms-167-field_2-error\" required><\/div><div id=\"wpforms-167-field_3-container\" class=\"wpforms-field wpforms-field-email\" data-field-id=\"3\"><label class=\"wpforms-field-label\" for=\"wpforms-167-field_3\">Correo electr\u00f3nico <span class=\"wpforms-required-label\" aria-hidden=\"true\">*<\/span><\/label><input type=\"email\" id=\"wpforms-167-field_3\" class=\"wpforms-field-large wpforms-field-required\" name=\"wpforms[fields][3]\" spellcheck=\"false\" aria-errormessage=\"wpforms-167-field_3-error\" required><\/div><div id=\"wpforms-167-field_4-container\" class=\"wpforms-field wpforms-field-number\" data-field-id=\"4\"><label class=\"wpforms-field-label\" for=\"wpforms-167-field_4\">Tel\u00e9fono<\/label><input type=\"number\" id=\"wpforms-167-field_4\" class=\"wpforms-field-large\" name=\"wpforms[fields][4]\" aria-errormessage=\"wpforms-167-field_4-error\" ><\/div><div id=\"wpforms-167-field_5-container\" class=\"wpforms-field wpforms-field-textarea\" data-field-id=\"5\"><label class=\"wpforms-field-label\" for=\"wpforms-167-field_5\">Mensaje <span class=\"wpforms-required-label\" aria-hidden=\"true\">*<\/span><\/label><textarea id=\"wpforms-167-field_5\" class=\"wpforms-field-medium wpforms-field-required wpforms-limit-words-enabled\" data-form-id=\"167\" data-field-id=\"5\" data-text-limit=\"1\" name=\"wpforms[fields][5]\" aria-errormessage=\"wpforms-167-field_5-error\" required><\/textarea><\/div><\/div><!-- .wpforms-field-container --><div class=\"wpforms-submit-container\" ><input type=\"hidden\" name=\"wpforms[id]\" value=\"167\"><input type=\"hidden\" name=\"page_title\" value=\"\"><input type=\"hidden\" name=\"page_url\" value=\"https:\/\/staging.shimaco.com.mx\/index.php\/wp-json\/wp\/v2\/pages\/158\"><button type=\"submit\" name=\"wpforms[submit]\" id=\"wpforms-submit-167\" class=\"wpforms-submit\" data-alt-text=\"Enviando...\" data-submit-text=\"Enviar\" aria-live=\"assertive\" value=\"wpforms-submit\">Enviar<\/button><img decoding=\"async\" src=\"https:\/\/staging.shimaco.com.mx\/wp-content\/plugins\/wpforms-lite\/assets\/images\/submit-spin.svg\" class=\"wpforms-submit-spinner\" style=\"display: none;\" width=\"26\" height=\"26\" alt=\"Cargando\"><\/div><\/form><\/div>  <!-- .wpforms-container -->\t\t<\/div>\n\t\t\t\t<\/div>\n\t\t\t\t<\/div>\n\t\t\t\t<\/div>\n\t\t<div class=\"elementor-element elementor-element-8ae17a2 e-con-full e-flex e-con e-parent\" data-id=\"8ae17a2\" data-element_type=\"container\">\n\t\t\t\t<div class=\"elementor-element elementor-element-b941580 animated-slow elementor-invisible elementor-widget elementor-widget-google_maps\" data-id=\"b941580\" data-element_type=\"widget\" data-settings=\"{&quot;_animation&quot;:&quot;fadeInUp&quot;}\" data-widget_type=\"google_maps.default\">\n\t\t\t\t<div class=\"elementor-widget-container\">\n\t\t\t\t\t<div class=\"elementor-custom-embed\">\n\t\t\t<iframe loading=\"lazy\"\n\t\t\t\t\tsrc=\"https:\/\/maps.google.com\/maps?q=ivra%20sinteticos&#038;t=m&#038;z=15&#038;output=embed&#038;iwloc=near\"\n\t\t\t\t\ttitle=\"ivra sinteticos\"\n\t\t\t\t\taria-label=\"ivra sinteticos\"\n\t\t\t><\/iframe>\n\t\t<\/div>\n\t\t\t\t<\/div>\n\t\t\t\t<\/div>\n\t\t\t\t<\/div>\n\t\t\t\t<\/div>\n\t\t","protected":false},"excerpt":{"rendered":"<p>Le\u00f3n, Guanajuato C. Gamma 203, Industrial Delta, 37545 Le\u00f3n de los Aldama, Gto. Horarios Lunes a Viernes De 8:00am a 6:00pm Siguenos Facebook Instagram Cont\u00e1ctanos (477) 554 02 64 (477) 776 35 96 CONT\u00c1CTANOS PARA UNA ATENCI\u00d3N PERSONALIZADA Por favor, activa JavaScript en tu navegador para completar este formulario.Por favor, activa JavaScript en tu navegador [&hellip;]<\/p>\n","protected":false},"author":1,"featured_media":0,"parent":0,"menu_order":0,"comment_status":"closed","ping_status":"closed","template":"elementor_theme","meta":{"footnotes":""},"class_list":["post-158","page","type-page","status-publish","hentry"],"yoast_head":"<!-- This site is optimized with the Yoast SEO plugin v23.7 - https:\/\/yoast.com\/wordpress\/plugins\/seo\/ -->\n<title>IVRA -<\/title>\n<meta name=\"robots\" content=\"noindex, follow, max-snippet:-1, max-image-preview:large, max-video-preview:-1\" \/>\n<meta property=\"og:locale\" content=\"es_ES\" \/>\n<meta property=\"og:type\" content=\"article\" \/>\n<meta property=\"og:title\" content=\"IVRA -\" \/>\n<meta property=\"og:description\" content=\"Le\u00f3n, Guanajuato C. Gamma 203, Industrial Delta, 37545 Le\u00f3n de los Aldama, Gto. Horarios Lunes a Viernes De 8:00am a 6:00pm Siguenos Facebook Instagram Cont\u00e1ctanos (477) 554 02 64 (477) 776 35 96 CONT\u00c1CTANOS PARA UNA ATENCI\u00d3N PERSONALIZADA Por favor, activa JavaScript en tu navegador para completar este formulario.Por favor, activa JavaScript en tu navegador [&hellip;]\" \/>\n<meta property=\"og:url\" content=\"https:\/\/staging.shimaco.com.mx\/index.php\/contacto\/\" \/>\n<meta property=\"article:modified_time\" content=\"2024-09-09T15:45:52+00:00\" \/>\n<meta property=\"og:image\" content=\"https:\/\/staging.shimaco.com.mx\/wp-content\/plugins\/wpforms-lite\/assets\/images\/submit-spin.svg\" \/>\n<meta name=\"twitter:card\" content=\"summary_large_image\" \/>\n<meta name=\"twitter:label1\" content=\"Tiempo de lectura\" \/>\n\t<meta name=\"twitter:data1\" content=\"1 minuto\" \/>\n<script type=\"application\/ld+json\" class=\"yoast-schema-graph\">{\"@context\":\"https:\/\/schema.org\",\"@graph\":[{\"@type\":\"WebPage\",\"@id\":\"https:\/\/staging.shimaco.com.mx\/index.php\/contacto\/\",\"url\":\"https:\/\/staging.shimaco.com.mx\/index.php\/contacto\/\",\"name\":\"IVRA -\",\"isPartOf\":{\"@id\":\"https:\/\/staging.shimaco.com.mx\/#website\"},\"primaryImageOfPage\":{\"@id\":\"https:\/\/staging.shimaco.com.mx\/index.php\/contacto\/#primaryimage\"},\"image\":{\"@id\":\"https:\/\/staging.shimaco.com.mx\/index.php\/contacto\/#primaryimage\"},\"thumbnailUrl\":\"https:\/\/staging.shimaco.com.mx\/wp-content\/plugins\/wpforms-lite\/assets\/images\/submit-spin.svg\",\"datePublished\":\"2024-07-30T18:33:53+00:00\",\"dateModified\":\"2024-09-09T15:45:52+00:00\",\"breadcrumb\":{\"@id\":\"https:\/\/staging.shimaco.com.mx\/index.php\/contacto\/#breadcrumb\"},\"inLanguage\":\"es\",\"potentialAction\":[{\"@type\":\"ReadAction\",\"target\":[\"https:\/\/staging.shimaco.com.mx\/index.php\/contacto\/\"]}]},{\"@type\":\"ImageObject\",\"inLanguage\":\"es\",\"@id\":\"https:\/\/staging.shimaco.com.mx\/index.php\/contacto\/#primaryimage\",\"url\":\"https:\/\/staging.shimaco.com.mx\/wp-content\/plugins\/wpforms-lite\/assets\/images\/submit-spin.svg\",\"contentUrl\":\"https:\/\/staging.shimaco.com.mx\/wp-content\/plugins\/wpforms-lite\/assets\/images\/submit-spin.svg\"},{\"@type\":\"BreadcrumbList\",\"@id\":\"https:\/\/staging.shimaco.com.mx\/index.php\/contacto\/#breadcrumb\",\"itemListElement\":[{\"@type\":\"ListItem\",\"position\":1,\"name\":\"Portada\",\"item\":\"https:\/\/staging.shimaco.com.mx\/\"},{\"@type\":\"ListItem\",\"position\":2,\"name\":\"IVRA\"}]},{\"@type\":\"WebSite\",\"@id\":\"https:\/\/staging.shimaco.com.mx\/#website\",\"url\":\"https:\/\/staging.shimaco.com.mx\/\",\"name\":\"\",\"description\":\"\",\"potentialAction\":[{\"@type\":\"SearchAction\",\"target\":{\"@type\":\"EntryPoint\",\"urlTemplate\":\"https:\/\/staging.shimaco.com.mx\/?s={search_term_string}\"},\"query-input\":{\"@type\":\"PropertyValueSpecification\",\"valueRequired\":true,\"valueName\":\"search_term_string\"}}],\"inLanguage\":\"es\"}]}<\/script>\n<!-- \/ Yoast SEO plugin. -->","yoast_head_json":{"title":"IVRA -","robots":{"index":"noindex","follow":"follow","max-snippet":"max-snippet:-1","max-image-preview":"max-image-preview:large","max-video-preview":"max-video-preview:-1"},"og_locale":"es_ES","og_type":"article","og_title":"IVRA -","og_description":"Le\u00f3n, Guanajuato C. Gamma 203, Industrial Delta, 37545 Le\u00f3n de los Aldama, Gto. Horarios Lunes a Viernes De 8:00am a 6:00pm Siguenos Facebook Instagram Cont\u00e1ctanos (477) 554 02 64 (477) 776 35 96 CONT\u00c1CTANOS PARA UNA ATENCI\u00d3N PERSONALIZADA Por favor, activa JavaScript en tu navegador para completar este formulario.Por favor, activa JavaScript en tu navegador [&hellip;]","og_url":"https:\/\/staging.shimaco.com.mx\/index.php\/contacto\/","article_modified_time":"2024-09-09T15:45:52+00:00","og_image":[{"url":"https:\/\/staging.shimaco.com.mx\/wp-content\/plugins\/wpforms-lite\/assets\/images\/submit-spin.svg"}],"twitter_card":"summary_large_image","twitter_misc":{"Tiempo de lectura":"1 minuto"},"schema":{"@context":"https:\/\/schema.org","@graph":[{"@type":"WebPage","@id":"https:\/\/staging.shimaco.com.mx\/index.php\/contacto\/","url":"https:\/\/staging.shimaco.com.mx\/index.php\/contacto\/","name":"IVRA -","isPartOf":{"@id":"https:\/\/staging.shimaco.com.mx\/#website"},"primaryImageOfPage":{"@id":"https:\/\/staging.shimaco.com.mx\/index.php\/contacto\/#primaryimage"},"image":{"@id":"https:\/\/staging.shimaco.com.mx\/index.php\/contacto\/#primaryimage"},"thumbnailUrl":"https:\/\/staging.shimaco.com.mx\/wp-content\/plugins\/wpforms-lite\/assets\/images\/submit-spin.svg","datePublished":"2024-07-30T18:33:53+00:00","dateModified":"2024-09-09T15:45:52+00:00","breadcrumb":{"@id":"https:\/\/staging.shimaco.com.mx\/index.php\/contacto\/#breadcrumb"},"inLanguage":"es","potentialAction":[{"@type":"ReadAction","target":["https:\/\/staging.shimaco.com.mx\/index.php\/contacto\/"]}]},{"@type":"ImageObject","inLanguage":"es","@id":"https:\/\/staging.shimaco.com.mx\/index.php\/contacto\/#primaryimage","url":"https:\/\/staging.shimaco.com.mx\/wp-content\/plugins\/wpforms-lite\/assets\/images\/submit-spin.svg","contentUrl":"https:\/\/staging.shimaco.com.mx\/wp-content\/plugins\/wpforms-lite\/assets\/images\/submit-spin.svg"},{"@type":"BreadcrumbList","@id":"https:\/\/staging.shimaco.com.mx\/index.php\/contacto\/#breadcrumb","itemListElement":[{"@type":"ListItem","position":1,"name":"Portada","item":"https:\/\/staging.shimaco.com.mx\/"},{"@type":"ListItem","position":2,"name":"IVRA"}]},{"@type":"WebSite","@id":"https:\/\/staging.shimaco.com.mx\/#website","url":"https:\/\/staging.shimaco.com.mx\/","name":"","description":"","potentialAction":[{"@type":"SearchAction","target":{"@type":"EntryPoint","urlTemplate":"https:\/\/staging.shimaco.com.mx\/?s={search_term_string}"},"query-input":{"@type":"PropertyValueSpecification","valueRequired":true,"valueName":"search_term_string"}}],"inLanguage":"es"}]}},"_links":{"self":[{"href":"https:\/\/staging.shimaco.com.mx\/index.php\/wp-json\/wp\/v2\/pages\/158","targetHints":{"allow":["GET"]}}],"collection":[{"href":"https:\/\/staging.shimaco.com.mx\/index.php\/wp-json\/wp\/v2\/pages"}],"about":[{"href":"https:\/\/staging.shimaco.com.mx\/index.php\/wp-json\/wp\/v2\/types\/page"}],"author":[{"embeddable":true,"href":"https:\/\/staging.shimaco.com.mx\/index.php\/wp-json\/wp\/v2\/users\/1"}],"replies":[{"embeddable":true,"href":"https:\/\/staging.shimaco.com.mx\/index.php\/wp-json\/wp\/v2\/comments?post=158"}],"version-history":[{"count":60,"href":"https:\/\/staging.shimaco.com.mx\/index.php\/wp-json\/wp\/v2\/pages\/158\/revisions"}],"predecessor-version":[{"id":450,"href":"https:\/\/staging.shimaco.com.mx\/index.php\/wp-json\/wp\/v2\/pages\/158\/revisions\/450"}],"wp:attachment":[{"href":"https:\/\/staging.shimaco.com.mx\/index.php\/wp-json\/wp\/v2\/media?parent=158"}],"curies":[{"name":"wp","href":"https:\/\/api.w.org\/{rel}","templated":true}]}}